{"id":1628,"date":"2024-08-29T12:11:11","date_gmt":"2024-08-29T10:11:11","guid":{"rendered":"https:\/\/wavegr.vps001.visible.be\/privacy-gdpr\/"},"modified":"2024-10-09T12:11:13","modified_gmt":"2024-10-09T10:11:13","slug":"privacy-gdpr","status":"publish","type":"page","link":"https:\/\/wave-gr.eu\/en\/privacy-gdpr\/","title":{"rendered":"Privacy (GDPR)"},"content":{"rendered":"\t\t<div data-elementor-type=\"wp-page\" data-elementor-id=\"1628\" class=\"elementor elementor-1628 elementor-598\" data-elementor-post-type=\"page\">\n\t\t\t\t<div class=\"elementor-element elementor-element-446615ff e-flex e-con-boxed e-con e-parent\" data-id=\"446615ff\" data-element_type=\"container\" data-e-type=\"container\">\n\t\t\t\t\t<div class=\"e-con-inner\">\n\t\t\t\t<div class=\"elementor-element elementor-element-6e41ca1 elementor-widget elementor-widget-heading\" data-id=\"6e41ca1\" data-element_type=\"widget\" data-e-type=\"widget\" data-widget_type=\"heading.default\">\n\t\t\t\t<div class=\"elementor-widget-container\">\n\t\t\t\t\t<h1 class=\"elementor-heading-title elementor-size-default\">Privacy (GDPR)<\/h1>\t\t\t\t<\/div>\n\t\t\t\t<\/div>\n\t\t\t\t<div class=\"elementor-element elementor-element-1f5ee40 elementor-widget elementor-widget-heading\" data-id=\"1f5ee40\" data-element_type=\"widget\" data-e-type=\"widget\" data-widget_type=\"heading.default\">\n\t\t\t\t<div class=\"elementor-widget-container\">\n\t\t\t\t\t<h3 class=\"elementor-heading-title elementor-size-default\">Traitement des donn\u00e9es \u00e0 caract\u00e8re personnel des visiteurs et des utilisateurs<\/h3>\t\t\t\t<\/div>\n\t\t\t\t<\/div>\n\t\t\t\t<div class=\"elementor-element elementor-element-412f4b6 elementor-widget elementor-widget-text-editor\" data-id=\"412f4b6\" data-element_type=\"widget\" data-e-type=\"widget\" data-widget_type=\"text-editor.default\">\n\t\t\t\t<div class=\"elementor-widget-container\">\n\t\t\t\t\t\t\t\t\t\n<p>L\u2019acc\u00e8s aux informations disponibles sur le site www.wave-gr.eu n\u2019implique aucun traitement de donn\u00e9es \u00e0 caract\u00e8re personnel. Vous pouvez visiter notre site, vous informer sur nos services et prendre connaissance de nos derni\u00e8res actualit\u00e9s, sans devoir nous fournir d\u00b4information personnelle. <\/p>\n\n<p>Si vous choisissez de nous fournir vos informations personnelles via l\u2019envoi d\u2019un courrier \u00e9lectronique, par l\u2019envoi d\u2019un message via notre formulaire de contact ou via la barre d\u2019inscription \u00e0 notre newsletter, nous traiterons vos donn\u00e9es personnelles conform\u00e9ment \u00e0 la loi belge du 8 d\u00e9cembre 1992 relative \u00e0 la protection de la vie priv\u00e9e \u00e0 l\u2019\u00e9gard des traitements de donn\u00e9es \u00e0 caract\u00e8re personnel et, \u00e0 partir du 25 mai 2018, au R\u00e8glement (UE) 2016\/679 du Parlement europ\u00e9en et du Conseil du 27 avril 2016 relatif \u00e0 la protection des personnes physiques \u00e0 l\u2019\u00e9gard du traitement des donn\u00e9es \u00e0 caract\u00e8re personnel et \u00e0 la libre circulation de ces donn\u00e9es, et abrogeant la directive 95\/46\/CE.<\/p>\n\t\t\t\t\t\t\t\t<\/div>\n\t\t\t\t<\/div>\n\t\t\t\t<div class=\"elementor-element elementor-element-4c3d3f8 elementor-widget elementor-widget-heading\" data-id=\"4c3d3f8\" data-element_type=\"widget\" data-e-type=\"widget\" data-widget_type=\"heading.default\">\n\t\t\t\t<div class=\"elementor-widget-container\">\n\t\t\t\t\t<h3 class=\"elementor-heading-title elementor-size-default\">Responsable de traitement<\/h3>\t\t\t\t<\/div>\n\t\t\t\t<\/div>\n\t\t\t\t<div class=\"elementor-element elementor-element-026564f elementor-widget elementor-widget-text-editor\" data-id=\"026564f\" data-element_type=\"widget\" data-e-type=\"widget\" data-widget_type=\"text-editor.default\">\n\t\t\t\t<div class=\"elementor-widget-container\">\n\t\t\t\t\t\t\t\t\t<p>Le responsable de traitement est Fili\u00e8re Bois Wallonie (FBW), une soci\u00e9t\u00e9 anonyme de droit public dont le si\u00e8ge social est sis rue de la Plaine 9 \u00e0 6900 Marche-en-Famenne, enregistr\u00e9e aupr\u00e8s de la Banque Carrefour des Entreprises sous le num\u00e9ro : BE0816595290.<\/p>\n\t\t\t\t\t\t\t\t<\/div>\n\t\t\t\t<\/div>\n\t\t\t\t<div class=\"elementor-element elementor-element-ed51084 elementor-widget elementor-widget-heading\" data-id=\"ed51084\" data-element_type=\"widget\" data-e-type=\"widget\" data-widget_type=\"heading.default\">\n\t\t\t\t<div class=\"elementor-widget-container\">\n\t\t\t\t\t<h3 class=\"elementor-heading-title elementor-size-default\">Finalit\u00e9s<\/h3>\t\t\t\t<\/div>\n\t\t\t\t<\/div>\n\t\t\t\t<div class=\"elementor-element elementor-element-5919db6 elementor-widget elementor-widget-text-editor\" data-id=\"5919db6\" data-element_type=\"widget\" data-e-type=\"widget\" data-widget_type=\"text-editor.default\">\n\t\t\t\t<div class=\"elementor-widget-container\">\n\t\t\t\t\t\t\t\t\t<p>Les donn\u00e9es \u00e0 caract\u00e8re personnel que vous communiquez volontairement sont trait\u00e9es dans le seul but de r\u00e9pondre \u00e0 votre demande. Elles ne sont en aucun cas trait\u00e9es \u00e0 des fins commerciales. <\/p>\n\t\t\t\t\t\t\t\t<\/div>\n\t\t\t\t<\/div>\n\t\t\t\t<div class=\"elementor-element elementor-element-fb22267 elementor-widget elementor-widget-heading\" data-id=\"fb22267\" data-element_type=\"widget\" data-e-type=\"widget\" data-widget_type=\"heading.default\">\n\t\t\t\t<div class=\"elementor-widget-container\">\n\t\t\t\t\t<h3 class=\"elementor-heading-title elementor-size-default\">Consentement<\/h3>\t\t\t\t<\/div>\n\t\t\t\t<\/div>\n\t\t\t\t<div class=\"elementor-element elementor-element-6a1a37b elementor-widget elementor-widget-text-editor\" data-id=\"6a1a37b\" data-element_type=\"widget\" data-e-type=\"widget\" data-widget_type=\"text-editor.default\">\n\t\t\t\t<div class=\"elementor-widget-container\">\n\t\t\t\t\t\t\t\t\t<p>Le traitement est bas\u00e9 sur votre consentement. Il vous est loisible de retirer votre consentement \u00e0 tout moment, sans porter atteinte \u00e0 la lic\u00e9it\u00e9 des traitements effectu\u00e9s avant le retrait de ce consentement. Les donn\u00e9es sont conserv\u00e9es pendant toute la dur\u00e9e n\u00e9cessaire au traitement de la demande. Vos donn\u00e9es sont conserv\u00e9es tant que vous ne nous faites pas part de votre demande de retrait.   <\/p>\n\t\t\t\t\t\t\t\t<\/div>\n\t\t\t\t<\/div>\n\t\t\t\t<div class=\"elementor-element elementor-element-f8f6704 elementor-widget elementor-widget-heading\" data-id=\"f8f6704\" data-element_type=\"widget\" data-e-type=\"widget\" data-widget_type=\"heading.default\">\n\t\t\t\t<div class=\"elementor-widget-container\">\n\t\t\t\t\t<h3 class=\"elementor-heading-title elementor-size-default\">Aucun transfert de vos donn\u00e9es \u00e0 caract\u00e8re personnel<\/h3>\t\t\t\t<\/div>\n\t\t\t\t<\/div>\n\t\t\t\t<div class=\"elementor-element elementor-element-d659149 elementor-widget elementor-widget-text-editor\" data-id=\"d659149\" data-element_type=\"widget\" data-e-type=\"widget\" data-widget_type=\"text-editor.default\">\n\t\t\t\t<div class=\"elementor-widget-container\">\n\t\t\t\t\t\t\t\t\t<p>Les donn\u00e9es \u00e0 caract\u00e8re personnel ne sont transmises qu\u2019au personnel de Fili\u00e8re Bois Wallonie charg\u00e9 de la gestion de votre demande. Elles sont trait\u00e9es de mani\u00e8re confidentielle et ne sont pas transmises \u00e0 des tiers. <\/p>\n\t\t\t\t\t\t\t\t<\/div>\n\t\t\t\t<\/div>\n\t\t\t\t<div class=\"elementor-element elementor-element-c365420 elementor-widget elementor-widget-heading\" data-id=\"c365420\" data-element_type=\"widget\" data-e-type=\"widget\" data-widget_type=\"heading.default\">\n\t\t\t\t<div class=\"elementor-widget-container\">\n\t\t\t\t\t<h3 class=\"elementor-heading-title elementor-size-default\">Droits des personnes concern\u00e9es<\/h3>\t\t\t\t<\/div>\n\t\t\t\t<\/div>\n\t\t\t\t<div class=\"elementor-element elementor-element-0982d0b elementor-widget elementor-widget-text-editor\" data-id=\"0982d0b\" data-element_type=\"widget\" data-e-type=\"widget\" data-widget_type=\"text-editor.default\">\n\t\t\t\t<div class=\"elementor-widget-container\">\n\t\t\t\t\t\t\t\t\t\n<p>Vous pouvez obtenir de Fili\u00e8re Bois Wallonie une copie gratuite des donn\u00e9es \u00e0 caract\u00e8re personnel vous concernant ainsi que, le cas \u00e9ch\u00e9ant, la rectification ou l\u2019effacement de celles qui seraient inexactes, incompl\u00e8tes ou non pertinentes, ou la limitation du traitement. Vous b\u00e9n\u00e9ficiez \u00e9galement du droit de vous opposer gratuitement au traitement de vos donn\u00e9es et du droit \u00e0 la portabilit\u00e9 des donn\u00e9es. <\/p>\n\n<p>Pour ce faire, nous vous prions d\u2019adresser votre demande dat\u00e9e et sign\u00e9e par courrier postal \u00e0 Fili\u00e8re Bois Wallonie, \u00e0 l\u2019adresse rue de la Plaine 9, 6900 Marche-en-Famenne, \u00e0 l\u2019attention du D\u00e9l\u00e9gu\u00e9 \u00e0 la protection des donn\u00e9es ou par courrier \u00e9lectronique \u00e0 l\u2019adresse <a href=\"mailto:info@filiereboiswallonie.be\">info@filiereboiswallonie.be<\/a> en y joignant une copie de votre carte d\u2019identit\u00e9.<\/p>\n\n<p>Le Pr\u00e9sident du Tribunal de premi\u00e8re instance conna\u00eet de toute demande relative au droit d\u00b4obtenir communication, rectification, suppression ou limitation de donn\u00e9es \u00e0 caract\u00e8re personnel si la demande a \u00e9t\u00e9 rejet\u00e9e.<\/p>\n\n<p>Si vous pensez que nous ne respectons pas votre vie priv\u00e9e, veuillez adresser une lettre ou un courriel \u00e0 notre D\u00e9l\u00e9gu\u00e9 \u00e0 la protection des donn\u00e9es (info@filiereboiswallonie.be). Nous mettrons tout en \u0153uvre pour d\u00e9celer et corriger la difficult\u00e9. Si vous d\u00e9sirez de plus amples informations, ou si vous souhaitez introduire une r\u00e9clamation, vous pouvez contacter l\u2019Autorit\u00e9 de Protection des Donn\u00e9es \/ la Commission de la Protection de la Vie Priv\u00e9e : Rue de la Presse, 35 \u2013 1000 Bruxelles \u2013 T\u00e9l. + 32 2 274 48 00 \u2013 <a href=\"mailto:commission@privacycommission.be\">commission@privacycommission.be<\/a>   <\/p>\n\t\t\t\t\t\t\t\t<\/div>\n\t\t\t\t<\/div>\n\t\t\t\t<div class=\"elementor-element elementor-element-ff5d0e6 elementor-widget elementor-widget-heading\" data-id=\"ff5d0e6\" data-element_type=\"widget\" data-e-type=\"widget\" data-widget_type=\"heading.default\">\n\t\t\t\t<div class=\"elementor-widget-container\">\n\t\t\t\t\t<h3 class=\"elementor-heading-title elementor-size-default\">Utilisation de cookies<\/h3>\t\t\t\t<\/div>\n\t\t\t\t<\/div>\n\t\t\t\t<div class=\"elementor-element elementor-element-0fc839f elementor-widget elementor-widget-text-editor\" data-id=\"0fc839f\" data-element_type=\"widget\" data-e-type=\"widget\" data-widget_type=\"text-editor.default\">\n\t\t\t\t<div class=\"elementor-widget-container\">\n\t\t\t\t\t\t\t\t\t\n<p>Dans le but de faciliter votre navigation sur le site ainsi que d\u2019optimaliser la gestion technique, Fili\u00e8re Bois Wallonie peut \u00eatre occasionnellement amen\u00e9 \u00e0 utiliser des \u00ab cookies \u00bb. Un \u00ab cookie \u00bb est une petite pi\u00e8ce d\u2019information sauvegard\u00e9e par un site web au sein du navigateur Internet de votre ordinateur. Ce \u00ab cookie \u00bb peut \u00eatre r\u00e9cup\u00e9r\u00e9 lors d\u2019une visite ult\u00e9rieure sur ce m\u00eame site. Le \u00ab cookie \u00bb ne peut \u00eatre lu par un autre site web que celui qui l\u2019a cr\u00e9\u00e9. Le site portail utilise les \u00ab cookies \u00bb \u00e0 des fins administratives pour, par exemple, enregistrer vos pr\u00e9f\u00e9rences pour certains types d\u2019informations, ce qui vous \u00e9vitera de devoir r\u00e9p\u00e9ter les m\u00eames saisies au clavier lors de chaque visite \u00e0 notre site. La plupart des \u00ab cookies \u00bb ne fonctionnent que le temps d\u2019une session ou visite. Aucun d\u2019entre eux ne contient d\u2019informations vous rendant susceptible de pouvoir \u00eatre contact\u00e9 par t\u00e9l\u00e9phone, courrier \u00e9lectronique ou postal. Il vous est \u00e9galement possible de configurer votre navigateur pour vous informer lors de chaque cr\u00e9ation de \u00ab cookie \u00bb ou pour emp\u00eacher leur enregistrement.       <\/p>\n\t\t\t\t\t\t\t\t<\/div>\n\t\t\t\t<\/div>\n\t\t\t\t\t<\/div>\n\t\t\t\t<\/div>\n\t\t\t\t<\/div>\n\t\t","protected":false},"excerpt":{"rendered":"<p>Privacy (GDPR) Traitement des donn\u00e9es \u00e0 caract\u00e8re personnel des visiteurs et des utilisateurs L\u2019acc\u00e8s aux informations disponibles sur le site www.wave-gr.eu n\u2019implique aucun traitement de donn\u00e9es \u00e0 caract\u00e8re personnel. Vous pouvez visiter notre site, vous informer sur nos services et prendre connaissance de nos derni\u00e8res actualit\u00e9s, sans devoir nous fournir d\u00b4information personnelle. Si vous choisissez [&hellip;]<\/p>\n","protected":false},"author":1,"featured_media":0,"parent":0,"menu_order":0,"comment_status":"closed","ping_status":"open","template":"","meta":{"_acf_changed":false,"inline_featured_image":false,"footnotes":""},"class_list":["post-1628","page","type-page","status-publish","hentry"],"acf":[],"yoast_head":"<!-- This site is optimized with the Yoast SEO plugin v27.3 - https:\/\/yoast.com\/product\/yoast-seo-wordpress\/ -->\n<title>Privacy (GDPR) - Projet INTERREG GR W.A.V.E.<\/title>\n<meta name=\"robots\" content=\"index, follow, max-snippet:-1, max-image-preview:large, max-video-preview:-1\" \/>\n<link rel=\"canonical\" href=\"https:\/\/wave-gr.eu\/en\/privacy-gdpr\/\" \/>\n<meta property=\"og:locale\" content=\"en_US\" \/>\n<meta property=\"og:type\" content=\"article\" \/>\n<meta property=\"og:title\" content=\"Privacy (GDPR) - Projet INTERREG GR W.A.V.E.\" \/>\n<meta property=\"og:description\" content=\"Privacy (GDPR) Traitement des donn\u00e9es \u00e0 caract\u00e8re personnel des visiteurs et des utilisateurs L\u2019acc\u00e8s aux informations disponibles sur le site www.wave-gr.eu n\u2019implique aucun traitement de donn\u00e9es \u00e0 caract\u00e8re personnel. Vous pouvez visiter notre site, vous informer sur nos services et prendre connaissance de nos derni\u00e8res actualit\u00e9s, sans devoir nous fournir d\u00b4information personnelle. Si vous choisissez [&hellip;]\" \/>\n<meta property=\"og:url\" content=\"https:\/\/wave-gr.eu\/en\/privacy-gdpr\/\" \/>\n<meta property=\"og:site_name\" content=\"Projet INTERREG GR W.A.V.E.\" \/>\n<meta property=\"article:modified_time\" content=\"2024-10-09T10:11:13+00:00\" \/>\n<meta name=\"twitter:card\" content=\"summary_large_image\" \/>\n<meta name=\"twitter:label1\" content=\"Est. reading time\" \/>\n\t<meta name=\"twitter:data1\" content=\"4 minutes\" \/>\n<script type=\"application\/ld+json\" class=\"yoast-schema-graph\">{\"@context\":\"https:\\\/\\\/schema.org\",\"@graph\":[{\"@type\":\"WebPage\",\"@id\":\"https:\\\/\\\/wave-gr.eu\\\/en\\\/privacy-gdpr\\\/\",\"url\":\"https:\\\/\\\/wave-gr.eu\\\/en\\\/privacy-gdpr\\\/\",\"name\":\"Privacy (GDPR) - Projet INTERREG GR W.A.V.E.\",\"isPartOf\":{\"@id\":\"https:\\\/\\\/wave-gr.eu\\\/en\\\/#website\"},\"datePublished\":\"2024-08-29T10:11:11+00:00\",\"dateModified\":\"2024-10-09T10:11:13+00:00\",\"breadcrumb\":{\"@id\":\"https:\\\/\\\/wave-gr.eu\\\/en\\\/privacy-gdpr\\\/#breadcrumb\"},\"inLanguage\":\"en-US\",\"potentialAction\":[{\"@type\":\"ReadAction\",\"target\":[\"https:\\\/\\\/wave-gr.eu\\\/en\\\/privacy-gdpr\\\/\"]}]},{\"@type\":\"BreadcrumbList\",\"@id\":\"https:\\\/\\\/wave-gr.eu\\\/en\\\/privacy-gdpr\\\/#breadcrumb\",\"itemListElement\":[{\"@type\":\"ListItem\",\"position\":1,\"name\":\"Home\",\"item\":\"https:\\\/\\\/wave-gr.eu\\\/en\\\/\"},{\"@type\":\"ListItem\",\"position\":2,\"name\":\"Privacy (GDPR)\"}]},{\"@type\":\"WebSite\",\"@id\":\"https:\\\/\\\/wave-gr.eu\\\/en\\\/#website\",\"url\":\"https:\\\/\\\/wave-gr.eu\\\/en\\\/\",\"name\":\"Projet INTERREG GR W.A.V.E.\",\"description\":\"\",\"publisher\":{\"@id\":\"https:\\\/\\\/wave-gr.eu\\\/en\\\/#organization\"},\"potentialAction\":[{\"@type\":\"SearchAction\",\"target\":{\"@type\":\"EntryPoint\",\"urlTemplate\":\"https:\\\/\\\/wave-gr.eu\\\/en\\\/?s={search_term_string}\"},\"query-input\":{\"@type\":\"PropertyValueSpecification\",\"valueRequired\":true,\"valueName\":\"search_term_string\"}}],\"inLanguage\":\"en-US\"},{\"@type\":\"Organization\",\"@id\":\"https:\\\/\\\/wave-gr.eu\\\/en\\\/#organization\",\"name\":\"Projet INTERREG GR W.A.V.E.\",\"url\":\"https:\\\/\\\/wave-gr.eu\\\/en\\\/\",\"logo\":{\"@type\":\"ImageObject\",\"inLanguage\":\"en-US\",\"@id\":\"https:\\\/\\\/wave-gr.eu\\\/en\\\/#\\\/schema\\\/logo\\\/image\\\/\",\"url\":\"https:\\\/\\\/wave-gr.eu\\\/wp-content\\\/uploads\\\/2024\\\/10\\\/cropped-Groupe-3964.png\",\"contentUrl\":\"https:\\\/\\\/wave-gr.eu\\\/wp-content\\\/uploads\\\/2024\\\/10\\\/cropped-Groupe-3964.png\",\"width\":512,\"height\":512,\"caption\":\"Projet INTERREG GR W.A.V.E.\"},\"image\":{\"@id\":\"https:\\\/\\\/wave-gr.eu\\\/en\\\/#\\\/schema\\\/logo\\\/image\\\/\"}}]}<\/script>\n<!-- \/ Yoast SEO plugin. -->","yoast_head_json":{"title":"Privacy (GDPR) - Projet INTERREG GR W.A.V.E.","robots":{"index":"index","follow":"follow","max-snippet":"max-snippet:-1","max-image-preview":"max-image-preview:large","max-video-preview":"max-video-preview:-1"},"canonical":"https:\/\/wave-gr.eu\/en\/privacy-gdpr\/","og_locale":"en_US","og_type":"article","og_title":"Privacy (GDPR) - Projet INTERREG GR W.A.V.E.","og_description":"Privacy (GDPR) Traitement des donn\u00e9es \u00e0 caract\u00e8re personnel des visiteurs et des utilisateurs L\u2019acc\u00e8s aux informations disponibles sur le site www.wave-gr.eu n\u2019implique aucun traitement de donn\u00e9es \u00e0 caract\u00e8re personnel. Vous pouvez visiter notre site, vous informer sur nos services et prendre connaissance de nos derni\u00e8res actualit\u00e9s, sans devoir nous fournir d\u00b4information personnelle. Si vous choisissez [&hellip;]","og_url":"https:\/\/wave-gr.eu\/en\/privacy-gdpr\/","og_site_name":"Projet INTERREG GR W.A.V.E.","article_modified_time":"2024-10-09T10:11:13+00:00","twitter_card":"summary_large_image","twitter_misc":{"Est. reading time":"4 minutes"},"schema":{"@context":"https:\/\/schema.org","@graph":[{"@type":"WebPage","@id":"https:\/\/wave-gr.eu\/en\/privacy-gdpr\/","url":"https:\/\/wave-gr.eu\/en\/privacy-gdpr\/","name":"Privacy (GDPR) - Projet INTERREG GR W.A.V.E.","isPartOf":{"@id":"https:\/\/wave-gr.eu\/en\/#website"},"datePublished":"2024-08-29T10:11:11+00:00","dateModified":"2024-10-09T10:11:13+00:00","breadcrumb":{"@id":"https:\/\/wave-gr.eu\/en\/privacy-gdpr\/#breadcrumb"},"inLanguage":"en-US","potentialAction":[{"@type":"ReadAction","target":["https:\/\/wave-gr.eu\/en\/privacy-gdpr\/"]}]},{"@type":"BreadcrumbList","@id":"https:\/\/wave-gr.eu\/en\/privacy-gdpr\/#breadcrumb","itemListElement":[{"@type":"ListItem","position":1,"name":"Home","item":"https:\/\/wave-gr.eu\/en\/"},{"@type":"ListItem","position":2,"name":"Privacy (GDPR)"}]},{"@type":"WebSite","@id":"https:\/\/wave-gr.eu\/en\/#website","url":"https:\/\/wave-gr.eu\/en\/","name":"Projet INTERREG GR W.A.V.E.","description":"","publisher":{"@id":"https:\/\/wave-gr.eu\/en\/#organization"},"potentialAction":[{"@type":"SearchAction","target":{"@type":"EntryPoint","urlTemplate":"https:\/\/wave-gr.eu\/en\/?s={search_term_string}"},"query-input":{"@type":"PropertyValueSpecification","valueRequired":true,"valueName":"search_term_string"}}],"inLanguage":"en-US"},{"@type":"Organization","@id":"https:\/\/wave-gr.eu\/en\/#organization","name":"Projet INTERREG GR W.A.V.E.","url":"https:\/\/wave-gr.eu\/en\/","logo":{"@type":"ImageObject","inLanguage":"en-US","@id":"https:\/\/wave-gr.eu\/en\/#\/schema\/logo\/image\/","url":"https:\/\/wave-gr.eu\/wp-content\/uploads\/2024\/10\/cropped-Groupe-3964.png","contentUrl":"https:\/\/wave-gr.eu\/wp-content\/uploads\/2024\/10\/cropped-Groupe-3964.png","width":512,"height":512,"caption":"Projet INTERREG GR W.A.V.E."},"image":{"@id":"https:\/\/wave-gr.eu\/en\/#\/schema\/logo\/image\/"}}]}},"_links":{"self":[{"href":"https:\/\/wave-gr.eu\/en\/wp-json\/wp\/v2\/pages\/1628","targetHints":{"allow":["GET"]}}],"collection":[{"href":"https:\/\/wave-gr.eu\/en\/wp-json\/wp\/v2\/pages"}],"about":[{"href":"https:\/\/wave-gr.eu\/en\/wp-json\/wp\/v2\/types\/page"}],"author":[{"embeddable":true,"href":"https:\/\/wave-gr.eu\/en\/wp-json\/wp\/v2\/users\/1"}],"replies":[{"embeddable":true,"href":"https:\/\/wave-gr.eu\/en\/wp-json\/wp\/v2\/comments?post=1628"}],"version-history":[{"count":1,"href":"https:\/\/wave-gr.eu\/en\/wp-json\/wp\/v2\/pages\/1628\/revisions"}],"predecessor-version":[{"id":1629,"href":"https:\/\/wave-gr.eu\/en\/wp-json\/wp\/v2\/pages\/1628\/revisions\/1629"}],"wp:attachment":[{"href":"https:\/\/wave-gr.eu\/en\/wp-json\/wp\/v2\/media?parent=1628"}],"curies":[{"name":"wp","href":"https:\/\/api.w.org\/{rel}","templated":true}]}}