{"id":1626,"date":"2024-07-08T12:12:12","date_gmt":"2024-07-08T10:12:12","guid":{"rendered":"https:\/\/wavegr.vps001.visible.be\/terms-and-conditions\/"},"modified":"2024-10-09T12:09:43","modified_gmt":"2024-10-09T10:09:43","slug":"terms-and-conditions","status":"publish","type":"page","link":"https:\/\/wave-gr.eu\/en\/terms-and-conditions\/","title":{"rendered":"Terms and conditions"},"content":{"rendered":"\t\t<div data-elementor-type=\"wp-page\" data-elementor-id=\"1626\" class=\"elementor elementor-1626 elementor-3\" data-elementor-post-type=\"page\">\n\t\t\t\t<div class=\"elementor-element elementor-element-4928929c e-flex e-con-boxed e-con e-parent\" data-id=\"4928929c\" data-element_type=\"container\" data-e-type=\"container\">\n\t\t\t\t\t<div class=\"e-con-inner\">\n\t\t\t\t<div class=\"elementor-element elementor-element-6e81f95 elementor-widget elementor-widget-heading\" data-id=\"6e81f95\" data-element_type=\"widget\" data-e-type=\"widget\" data-widget_type=\"heading.default\">\n\t\t\t\t<div class=\"elementor-widget-container\">\n\t\t\t\t\t<h1 class=\"elementor-heading-title elementor-size-default\">Terms and conditions<\/h1>\t\t\t\t<\/div>\n\t\t\t\t<\/div>\n\t\t\t\t<div class=\"elementor-element elementor-element-612640b elementor-widget elementor-widget-heading\" data-id=\"612640b\" data-element_type=\"widget\" data-e-type=\"widget\" data-widget_type=\"heading.default\">\n\t\t\t\t<div class=\"elementor-widget-container\">\n\t\t\t\t\t<h3 class=\"elementor-heading-title elementor-size-default\">Conditions d\u2019utilisation du site Internet wave-gr.eu<\/h3>\t\t\t\t<\/div>\n\t\t\t\t<\/div>\n\t\t\t\t<div class=\"elementor-element elementor-element-63c31e8 elementor-widget elementor-widget-text-editor\" data-id=\"63c31e8\" data-element_type=\"widget\" data-e-type=\"widget\" data-widget_type=\"text-editor.default\">\n\t\t\t\t<div class=\"elementor-widget-container\">\n\t\t\t\t\t\t\t\t\t<p>\u00c0 l\u2019utilisation du site [www .wave-gr.eu] sont li\u00e9es quelques conditions g\u00e9n\u00e9rales, d\u00e9crites ci-apr\u00e8s. En acc\u00e9dant \u00e0 ce site Internet, vous d\u00e9clarez en avoir accept\u00e9 les conditions g\u00e9n\u00e9rales d\u2019utilisation. <\/p>\n<p>Le pr\u00e9sent site Internet de la Fili\u00e8re Bois Wallonie vise \u00e0 promouvoir l\u2019acc\u00e8s du public aux informations relatives \u00e0 la fili\u00e8re for\u00eat-bois en Wallonie, \u00e0 son \u00e9conomie, ainsi qu\u2019aux initiatives et aux politiques mises en \u0153uvre par la Fili\u00e8re Bois Wallonie.<\/p>\n\t\t\t\t\t\t\t\t<\/div>\n\t\t\t\t<\/div>\n\t\t\t\t<div class=\"elementor-element elementor-element-399dd37 elementor-widget elementor-widget-heading\" data-id=\"399dd37\" data-element_type=\"widget\" data-e-type=\"widget\" data-widget_type=\"heading.default\">\n\t\t\t\t<div class=\"elementor-widget-container\">\n\t\t\t\t\t<h3 class=\"elementor-heading-title elementor-size-default\">Limitation de responsabilit\u00e9<\/h3>\t\t\t\t<\/div>\n\t\t\t\t<\/div>\n\t\t\t\t<div class=\"elementor-element elementor-element-16326673 elementor-widget elementor-widget-text-editor\" data-id=\"16326673\" data-element_type=\"widget\" data-e-type=\"widget\" data-widget_type=\"text-editor.default\">\n\t\t\t\t<div class=\"elementor-widget-container\">\n\t\t\t\t\t\t\t\t\t<p>Notre objectif est de diffuser des informations aussi exactes et tenues \u00e0 jour que possible. Des erreurs peuvent cependant subsister dans les informations mises \u00e0 votre disposition. La Fili\u00e8re Bois Wallonie s\u2019efforcera de mettre tout en \u0153uvre pour les corriger.  <\/p>\n<p>Toute personne constatant des erreurs sur le site Internet peut en informer le gestionnaire du site en envoyant un e-mail \u00e0 l\u2019adresse suivante : <a href=\"mailto:mc.detroz@filiereboiswallonie.be\">mc.detroz@filiereboiswallonie.be<\/a><\/p>\n<p>Toutefois, les informations du site Internet de la Fili\u00e8re Bois Wallonie :<\/p>\n<ul class=\"wp-block-list\">\n<li>Sont exclusivement de nature g\u00e9n\u00e9rale. Elles ne visent donc pas la situation particuli\u00e8re d\u2019une personne physique ou morale et ne peuvent \u00eatre consid\u00e9r\u00e9es comme des conseils juridiques, professionnels ou personnels \u00e0 l\u2019utilisateur. Si vous avez besoin d\u2019avis personnels ou sp\u00e9cifiques, consulter toujours les services comp\u00e9tents de la Fili\u00e8re Bois Wallonie ou tout professionnel d\u00fbment qualifi\u00e9.  <\/li>\n<li>Notez aussi qu\u2019il n\u2019est pas possible de garantir qu\u2019un document disponible en ligne reproduise exactement un texte adopt\u00e9 officiellement; seul fait foi le texte de la l\u00e9gislation de la R\u00e9gion wallonne publi\u00e9 au Moniteur belge.<\/li>\n<li>Ne sont pas n\u00e9cessairement compl\u00e8tes, exhaustives, exactes ou \u00e0 jour.<\/li>\n<li>Renvoient parfois \u00e0 des sites ext\u00e9rieurs sur lesquels la Fili\u00e8re Bois Wallonie n\u2019a aucun contr\u00f4le et pour lesquels la Fili\u00e8re Bois Wallonie d\u00e9cline toute responsabilit\u00e9.<\/li>\n<\/ul>\n\t\t\t\t\t\t\t\t<\/div>\n\t\t\t\t<\/div>\n\t\t\t\t<div class=\"elementor-element elementor-element-bb0c155 elementor-widget elementor-widget-text-editor\" data-id=\"bb0c155\" data-element_type=\"widget\" data-e-type=\"widget\" data-widget_type=\"text-editor.default\">\n\t\t\t\t<div class=\"elementor-widget-container\">\n\t\t\t\t\t\t\t\t\t<p>La Fili\u00e8re Bois Wallonie met tout en \u0153uvre pour limiter autant que possible les inconv\u00e9nients occasionn\u00e9s par des erreurs techniques; cependant, certaines donn\u00e9es ou informations pr\u00e9sentes sur son site peuvent ne pas avoir \u00e9t\u00e9 cr\u00e9\u00e9es ou structur\u00e9es dans des fichiers ou des formats exempts d\u2019erreurs, et elle ne peut pas garantir que son service ne sera pas interrompu ou autrement affect\u00e9 par de tels probl\u00e8mes. La Fili\u00e8re Bois Wallonie d\u00e9cline toute responsabilit\u00e9 \u00e0 l\u2019\u00e9gard de semblables inconv\u00e9nients pouvant r\u00e9sulter d\u2019une utilisation de ce site ou de tout autre site ext\u00e9rieur auquel il renvoie. <\/p>\n<p>La pr\u00e9sente clause de non-responsabilit\u00e9 n\u2019a pas pour but de limiter la responsabilit\u00e9 de la Fili\u00e8re Bois Wallonie de mani\u00e8re contraire aux exigences pos\u00e9es dans la l\u00e9gislation belge applicable.<\/p>\n\t\t\t\t\t\t\t\t<\/div>\n\t\t\t\t<\/div>\n\t\t\t\t<div class=\"elementor-element elementor-element-7931e9d elementor-widget elementor-widget-heading\" data-id=\"7931e9d\" data-element_type=\"widget\" data-e-type=\"widget\" data-widget_type=\"heading.default\">\n\t\t\t\t<div class=\"elementor-widget-container\">\n\t\t\t\t\t<h3 class=\"elementor-heading-title elementor-size-default\">Droits d\u2019auteur<\/h3>\t\t\t\t<\/div>\n\t\t\t\t<\/div>\n\t\t\t\t<div class=\"elementor-element elementor-element-d962075 elementor-widget elementor-widget-text-editor\" data-id=\"d962075\" data-element_type=\"widget\" data-e-type=\"widget\" data-widget_type=\"text-editor.default\">\n\t\t\t\t<div class=\"elementor-widget-container\">\n\t\t\t\t\t\t\t\t\t<p>L\u2019information \u00e9dit\u00e9e par la Fili\u00e8re Bois Wallonie est libre de droits sauf indication contraire.<\/p>\n<p>L\u2019information peut \u00eatre utilis\u00e9e gratuitement \u00e0 condition d\u2019en mentionner la source et uniquement pour un usage personnel. Lorsqu\u2019une autorisation pr\u00e9alable est requise pour l\u2019utilisation ou pour la reproduction de certaines informations, les limites d\u2019utilisation sont explicitement mentionn\u00e9es. <\/p>\n<p>La Fili\u00e8re Bois Wallonie se r\u00e9serve tous les droits de propri\u00e9t\u00e9 intellectuelle sur les informations dont elle est propri\u00e9taire.<\/p>\n<p>Certaines applications informatiques et \u00e9l\u00e9ments graphiques pouvant \u00eatre consult\u00e9s sur le site Internet sont fournis par des tiers et peuvent \u00eatre prot\u00e9g\u00e9s par le droit d\u2019auteur, ce qui en limite les possibilit\u00e9s d\u2019utilisation et de reproduction et les subordonne \u00e0 l\u2019autorisation pr\u00e9alable de l\u2019auteur.<\/p>\n\t\t\t\t\t\t\t\t<\/div>\n\t\t\t\t<\/div>\n\t\t\t\t\t<\/div>\n\t\t\t\t<\/div>\n\t\t\t\t<\/div>\n\t\t","protected":false},"excerpt":{"rendered":"<p>Terms and conditions Conditions d\u2019utilisation du site Internet wave-gr.eu \u00c0 l\u2019utilisation du site [www .wave-gr.eu] sont li\u00e9es quelques conditions g\u00e9n\u00e9rales, d\u00e9crites ci-apr\u00e8s. En acc\u00e9dant \u00e0 ce site Internet, vous d\u00e9clarez en avoir accept\u00e9 les conditions g\u00e9n\u00e9rales d\u2019utilisation. Le pr\u00e9sent site Internet de la Fili\u00e8re Bois Wallonie vise \u00e0 promouvoir l\u2019acc\u00e8s du public aux informations relatives [&hellip;]<\/p>\n","protected":false},"author":1,"featured_media":0,"parent":0,"menu_order":0,"comment_status":"closed","ping_status":"open","template":"","meta":{"_acf_changed":false,"inline_featured_image":false,"footnotes":""},"class_list":["post-1626","page","type-page","status-publish","hentry"],"acf":[],"yoast_head":"<!-- This site is optimized with the Yoast SEO plugin v27.3 - https:\/\/yoast.com\/product\/yoast-seo-wordpress\/ -->\n<title>Terms and conditions - Projet INTERREG GR W.A.V.E.<\/title>\n<meta name=\"robots\" content=\"index, follow, max-snippet:-1, max-image-preview:large, max-video-preview:-1\" \/>\n<link rel=\"canonical\" href=\"https:\/\/wave-gr.eu\/en\/terms-and-conditions\/\" \/>\n<meta property=\"og:locale\" content=\"en_US\" \/>\n<meta property=\"og:type\" content=\"article\" \/>\n<meta property=\"og:title\" content=\"Terms and conditions - Projet INTERREG GR W.A.V.E.\" \/>\n<meta property=\"og:description\" content=\"Terms and conditions Conditions d\u2019utilisation du site Internet wave-gr.eu \u00c0 l\u2019utilisation du site [www .wave-gr.eu] sont li\u00e9es quelques conditions g\u00e9n\u00e9rales, d\u00e9crites ci-apr\u00e8s. En acc\u00e9dant \u00e0 ce site Internet, vous d\u00e9clarez en avoir accept\u00e9 les conditions g\u00e9n\u00e9rales d\u2019utilisation. Le pr\u00e9sent site Internet de la Fili\u00e8re Bois Wallonie vise \u00e0 promouvoir l\u2019acc\u00e8s du public aux informations relatives [&hellip;]\" \/>\n<meta property=\"og:url\" content=\"https:\/\/wave-gr.eu\/en\/terms-and-conditions\/\" \/>\n<meta property=\"og:site_name\" content=\"Projet INTERREG GR W.A.V.E.\" \/>\n<meta property=\"article:modified_time\" content=\"2024-10-09T10:09:43+00:00\" \/>\n<meta name=\"twitter:card\" content=\"summary_large_image\" \/>\n<meta name=\"twitter:label1\" content=\"Est. reading time\" \/>\n\t<meta name=\"twitter:data1\" content=\"3 minutes\" \/>\n<script type=\"application\/ld+json\" class=\"yoast-schema-graph\">{\"@context\":\"https:\\\/\\\/schema.org\",\"@graph\":[{\"@type\":\"WebPage\",\"@id\":\"https:\\\/\\\/wave-gr.eu\\\/en\\\/terms-and-conditions\\\/\",\"url\":\"https:\\\/\\\/wave-gr.eu\\\/en\\\/terms-and-conditions\\\/\",\"name\":\"Terms and conditions - Projet INTERREG GR W.A.V.E.\",\"isPartOf\":{\"@id\":\"https:\\\/\\\/wave-gr.eu\\\/en\\\/#website\"},\"datePublished\":\"2024-07-08T10:12:12+00:00\",\"dateModified\":\"2024-10-09T10:09:43+00:00\",\"breadcrumb\":{\"@id\":\"https:\\\/\\\/wave-gr.eu\\\/en\\\/terms-and-conditions\\\/#breadcrumb\"},\"inLanguage\":\"en-US\",\"potentialAction\":[{\"@type\":\"ReadAction\",\"target\":[\"https:\\\/\\\/wave-gr.eu\\\/en\\\/terms-and-conditions\\\/\"]}]},{\"@type\":\"BreadcrumbList\",\"@id\":\"https:\\\/\\\/wave-gr.eu\\\/en\\\/terms-and-conditions\\\/#breadcrumb\",\"itemListElement\":[{\"@type\":\"ListItem\",\"position\":1,\"name\":\"Home\",\"item\":\"https:\\\/\\\/wave-gr.eu\\\/en\\\/\"},{\"@type\":\"ListItem\",\"position\":2,\"name\":\"Terms and conditions\"}]},{\"@type\":\"WebSite\",\"@id\":\"https:\\\/\\\/wave-gr.eu\\\/en\\\/#website\",\"url\":\"https:\\\/\\\/wave-gr.eu\\\/en\\\/\",\"name\":\"Projet INTERREG GR W.A.V.E.\",\"description\":\"\",\"publisher\":{\"@id\":\"https:\\\/\\\/wave-gr.eu\\\/en\\\/#organization\"},\"potentialAction\":[{\"@type\":\"SearchAction\",\"target\":{\"@type\":\"EntryPoint\",\"urlTemplate\":\"https:\\\/\\\/wave-gr.eu\\\/en\\\/?s={search_term_string}\"},\"query-input\":{\"@type\":\"PropertyValueSpecification\",\"valueRequired\":true,\"valueName\":\"search_term_string\"}}],\"inLanguage\":\"en-US\"},{\"@type\":\"Organization\",\"@id\":\"https:\\\/\\\/wave-gr.eu\\\/en\\\/#organization\",\"name\":\"Projet INTERREG GR W.A.V.E.\",\"url\":\"https:\\\/\\\/wave-gr.eu\\\/en\\\/\",\"logo\":{\"@type\":\"ImageObject\",\"inLanguage\":\"en-US\",\"@id\":\"https:\\\/\\\/wave-gr.eu\\\/en\\\/#\\\/schema\\\/logo\\\/image\\\/\",\"url\":\"https:\\\/\\\/wave-gr.eu\\\/wp-content\\\/uploads\\\/2024\\\/10\\\/cropped-Groupe-3964.png\",\"contentUrl\":\"https:\\\/\\\/wave-gr.eu\\\/wp-content\\\/uploads\\\/2024\\\/10\\\/cropped-Groupe-3964.png\",\"width\":512,\"height\":512,\"caption\":\"Projet INTERREG GR W.A.V.E.\"},\"image\":{\"@id\":\"https:\\\/\\\/wave-gr.eu\\\/en\\\/#\\\/schema\\\/logo\\\/image\\\/\"}}]}<\/script>\n<!-- \/ Yoast SEO plugin. -->","yoast_head_json":{"title":"Terms and conditions - Projet INTERREG GR W.A.V.E.","robots":{"index":"index","follow":"follow","max-snippet":"max-snippet:-1","max-image-preview":"max-image-preview:large","max-video-preview":"max-video-preview:-1"},"canonical":"https:\/\/wave-gr.eu\/en\/terms-and-conditions\/","og_locale":"en_US","og_type":"article","og_title":"Terms and conditions - Projet INTERREG GR W.A.V.E.","og_description":"Terms and conditions Conditions d\u2019utilisation du site Internet wave-gr.eu \u00c0 l\u2019utilisation du site [www .wave-gr.eu] sont li\u00e9es quelques conditions g\u00e9n\u00e9rales, d\u00e9crites ci-apr\u00e8s. En acc\u00e9dant \u00e0 ce site Internet, vous d\u00e9clarez en avoir accept\u00e9 les conditions g\u00e9n\u00e9rales d\u2019utilisation. Le pr\u00e9sent site Internet de la Fili\u00e8re Bois Wallonie vise \u00e0 promouvoir l\u2019acc\u00e8s du public aux informations relatives [&hellip;]","og_url":"https:\/\/wave-gr.eu\/en\/terms-and-conditions\/","og_site_name":"Projet INTERREG GR W.A.V.E.","article_modified_time":"2024-10-09T10:09:43+00:00","twitter_card":"summary_large_image","twitter_misc":{"Est. reading time":"3 minutes"},"schema":{"@context":"https:\/\/schema.org","@graph":[{"@type":"WebPage","@id":"https:\/\/wave-gr.eu\/en\/terms-and-conditions\/","url":"https:\/\/wave-gr.eu\/en\/terms-and-conditions\/","name":"Terms and conditions - Projet INTERREG GR W.A.V.E.","isPartOf":{"@id":"https:\/\/wave-gr.eu\/en\/#website"},"datePublished":"2024-07-08T10:12:12+00:00","dateModified":"2024-10-09T10:09:43+00:00","breadcrumb":{"@id":"https:\/\/wave-gr.eu\/en\/terms-and-conditions\/#breadcrumb"},"inLanguage":"en-US","potentialAction":[{"@type":"ReadAction","target":["https:\/\/wave-gr.eu\/en\/terms-and-conditions\/"]}]},{"@type":"BreadcrumbList","@id":"https:\/\/wave-gr.eu\/en\/terms-and-conditions\/#breadcrumb","itemListElement":[{"@type":"ListItem","position":1,"name":"Home","item":"https:\/\/wave-gr.eu\/en\/"},{"@type":"ListItem","position":2,"name":"Terms and conditions"}]},{"@type":"WebSite","@id":"https:\/\/wave-gr.eu\/en\/#website","url":"https:\/\/wave-gr.eu\/en\/","name":"Projet INTERREG GR W.A.V.E.","description":"","publisher":{"@id":"https:\/\/wave-gr.eu\/en\/#organization"},"potentialAction":[{"@type":"SearchAction","target":{"@type":"EntryPoint","urlTemplate":"https:\/\/wave-gr.eu\/en\/?s={search_term_string}"},"query-input":{"@type":"PropertyValueSpecification","valueRequired":true,"valueName":"search_term_string"}}],"inLanguage":"en-US"},{"@type":"Organization","@id":"https:\/\/wave-gr.eu\/en\/#organization","name":"Projet INTERREG GR W.A.V.E.","url":"https:\/\/wave-gr.eu\/en\/","logo":{"@type":"ImageObject","inLanguage":"en-US","@id":"https:\/\/wave-gr.eu\/en\/#\/schema\/logo\/image\/","url":"https:\/\/wave-gr.eu\/wp-content\/uploads\/2024\/10\/cropped-Groupe-3964.png","contentUrl":"https:\/\/wave-gr.eu\/wp-content\/uploads\/2024\/10\/cropped-Groupe-3964.png","width":512,"height":512,"caption":"Projet INTERREG GR W.A.V.E."},"image":{"@id":"https:\/\/wave-gr.eu\/en\/#\/schema\/logo\/image\/"}}]}},"_links":{"self":[{"href":"https:\/\/wave-gr.eu\/en\/wp-json\/wp\/v2\/pages\/1626","targetHints":{"allow":["GET"]}}],"collection":[{"href":"https:\/\/wave-gr.eu\/en\/wp-json\/wp\/v2\/pages"}],"about":[{"href":"https:\/\/wave-gr.eu\/en\/wp-json\/wp\/v2\/types\/page"}],"author":[{"embeddable":true,"href":"https:\/\/wave-gr.eu\/en\/wp-json\/wp\/v2\/users\/1"}],"replies":[{"embeddable":true,"href":"https:\/\/wave-gr.eu\/en\/wp-json\/wp\/v2\/comments?post=1626"}],"version-history":[{"count":1,"href":"https:\/\/wave-gr.eu\/en\/wp-json\/wp\/v2\/pages\/1626\/revisions"}],"predecessor-version":[{"id":1627,"href":"https:\/\/wave-gr.eu\/en\/wp-json\/wp\/v2\/pages\/1626\/revisions\/1627"}],"wp:attachment":[{"href":"https:\/\/wave-gr.eu\/en\/wp-json\/wp\/v2\/media?parent=1626"}],"curies":[{"name":"wp","href":"https:\/\/api.w.org\/{rel}","templated":true}]}}